{"id":3761,"date":"2024-01-06T10:47:24","date_gmt":"2024-01-06T09:47:24","guid":{"rendered":"https:\/\/www.si-vignette.net\/utikalauz-nemetorszag\/"},"modified":"2024-01-06T10:47:24","modified_gmt":"2024-01-06T09:47:24","slug":"utikalauz-nemetorszag","status":"publish","type":"page","link":"https:\/\/www.si-vignette.net\/hu\/utikalauz-nemetorszag\/","title":{"rendered":"\u00datikalauz &#8211; N\u00e9metorsz\u00e1g"},"content":{"rendered":"","protected":false},"excerpt":{"rendered":"","protected":false},"author":1,"featured_media":0,"parent":0,"menu_order":0,"comment_status":"closed","ping_status":"closed","template":"","meta":{"footnotes":""},"categories":[],"tags":[],"_links":{"self":[{"href":"https:\/\/www.si-vignette.net\/hu\/wp-json\/wp\/v2\/pages\/3761"}],"collection":[{"href":"https:\/\/www.si-vignette.net\/hu\/wp-json\/wp\/v2\/pages"}],"about":[{"href":"https:\/\/www.si-vignette.net\/hu\/wp-json\/wp\/v2\/types\/page"}],"author":[{"embeddable":true,"href":"https:\/\/www.si-vignette.net\/hu\/wp-json\/wp\/v2\/users\/1"}],"replies":[{"embeddable":true,"href":"https:\/\/www.si-vignette.net\/hu\/wp-json\/wp\/v2\/comments?post=3761"}],"version-history":[{"count":0,"href":"https:\/\/www.si-vignette.net\/hu\/wp-json\/wp\/v2\/pages\/3761\/revisions"}],"wp:attachment":[{"href":"https:\/\/www.si-vignette.net\/hu\/wp-json\/wp\/v2\/media?parent=3761"}],"wp:term":[{"taxonomy":"category","embeddable":true,"href":"https:\/\/www.si-vignette.net\/hu\/wp-json\/wp\/v2\/categories?post=3761"},{"taxonomy":"post_tag","embeddable":true,"href":"https:\/\/www.si-vignette.net\/hu\/wp-json\/wp\/v2\/tags?post=3761"}],"curies":[{"name":"wp","href":"https:\/\/api.w.org\/{rel}","templated":true}]}}